{"id":2758,"date":"2026-04-22T10:58:20","date_gmt":"2026-04-22T10:58:20","guid":{"rendered":"https:\/\/fahadmultiservice.com\/?post_type=product&#038;p=2758"},"modified":"2026-04-22T11:40:56","modified_gmt":"2026-04-22T11:40:56","slug":"epson-ink-003-black-t00v198-103","status":"publish","type":"product","link":"https:\/\/fahadmultiservice.com\/?product=epson-ink-003-black-t00v198-103","title":{"rendered":"EPSON INK 003 BLACK T00V198\/103"},"content":{"rendered":"\t\t<div data-elementor-type=\"product-post\" data-elementor-id=\"2758\" class=\"elementor elementor-2758\" data-elementor-post-type=\"product\">\n\t\t\t\t<div class=\"elementor-element elementor-element-1e08e1af e-flex e-con-boxed e-con e-parent\" data-id=\"1e08e1af\" data-element_type=\"container\" data-e-type=\"container\">\n\t\t\t\t\t<div class=\"e-con-inner\">\n\t\t\t\t<div class=\"elementor-element elementor-element-2a74a21d elementor-widget elementor-widget-text-editor\" data-id=\"2a74a21d\" data-element_type=\"widget\" data-e-type=\"widget\" data-widget_type=\"text-editor.default\">\n\t\t\t\t\t\t\t\t\t<p data-start=\"305\" data-end=\"621\">L\u2019encre <strong data-start=\"313\" data-end=\"352\">EPSON INK 003 BLACK (T00V198 \/ 103)<\/strong> est une solution fiable et performante con\u00e7ue pour garantir des impressions de haute qualit\u00e9. Sp\u00e9cialement d\u00e9velopp\u00e9e pour les imprimantes Epson compatibles, elle offre un noir profond et pr\u00e9cis, parfait pour les documents professionnels, administratifs et personnels.<\/p><p data-start=\"623\" data-end=\"899\">Gr\u00e2ce \u00e0 sa formule optimis\u00e9e, cette encre assure une excellente durabilit\u00e9, r\u00e9duit les risques d\u2019encrassement et permet une impression fluide et constante. Elle est \u00e9galement reconnue pour son rendement \u00e9lev\u00e9, ce qui en fait un choix \u00e9conomique pour une utilisation r\u00e9guli\u00e8re.<\/p><hr data-start=\"901\" data-end=\"904\" \/><h4 data-section-id=\"xlms82\" data-start=\"906\" data-end=\"924\">\u00a0Points forts<\/h4><ul data-start=\"925\" data-end=\"1093\"><li data-section-id=\"1rnyn7j\" data-start=\"925\" data-end=\"951\">Noir intense et pr\u00e9cis<\/li><li data-section-id=\"ofb38u\" data-start=\"952\" data-end=\"982\">Haute qualit\u00e9 d\u2019impression<\/li><li data-section-id=\"n8nm9p\" data-start=\"983\" data-end=\"1002\">Rendement \u00e9lev\u00e9<\/li><li data-section-id=\"1l48i3w\" data-start=\"1003\" data-end=\"1058\">Compatible avec plusieurs imprimantes Epson EcoTank<\/li><li data-section-id=\"1k0g0z9\" data-start=\"1059\" data-end=\"1093\">Fiabilit\u00e9 et long\u00e9vit\u00e9 accrues<\/li><\/ul>\t\t\t\t\t\t\t\t<\/div>\n\t\t\t\t\t<\/div>\n\t\t\t\t<\/div>\n\t\t\t\t<\/div>\n\t\t","protected":false},"excerpt":{"rendered":"<ul class=\"KsbFXc U6u95\" data-sfc-root=\"c\" data-sfc-cb=\"\" data-complete=\"true\" data-processed=\"true\">\n<li class=\"Z1qcYe\" data-sfc-cp=\"\" data-sfc-root=\"c\" data-sfc-cb=\"\" data-hveid=\"CAQQAA\" data-complete=\"true\" data-sae=\"\"><span class=\"T286Pc\" data-sfc-cp=\"\" data-sfc-root=\"c\" data-sfc-cb=\"\" data-complete=\"true\"><strong class=\"Yjhzub\" data-sfc-root=\"c\" data-sfc-cb=\"\" data-complete=\"true\">Contenu<\/strong>\u00a0: Flacon de 65 ml d&#8217;encre noire.<\/span><\/li>\n<li class=\"Z1qcYe\" data-sfc-cp=\"\" data-sfc-root=\"c\" data-sfc-cb=\"\" data-hveid=\"CAQQAQ\" data-complete=\"true\" data-sae=\"\"><span class=\"T286Pc\" data-sfc-cp=\"\" data-sfc-root=\"c\" data-sfc-cb=\"\" data-complete=\"true\"><strong class=\"Yjhzub\" data-sfc-root=\"c\" data-sfc-cb=\"\" data-complete=\"true\">Autonomie<\/strong>\u00a0: Environ\u00a0<strong class=\"Yjhzub\" data-sfc-root=\"c\" data-sfc-cb=\"\" data-complete=\"true\">4 500 pages<\/strong><\/span><\/li>\n<\/ul>\n","protected":false},"featured_media":2765,"comment_status":"open","ping_status":"closed","template":"","meta":[],"etheme_brands":[{"term_id":190,"name":"EPSON","slug":"epson","term_group":0,"term_taxonomy_id":190,"taxonomy":"brand","description":"","parent":0,"count":1,"filter":"raw"}],"product_brand":[],"product_cat":[151],"product_tag":[],"class_list":{"0":"post-2758","1":"product","2":"type-product","3":"status-publish","4":"has-post-thumbnail","6":"brand-epson","7":"product_cat-cartouches","9":"first","10":"instock","11":"shipping-taxable","12":"purchasable","13":"product-type-simple"},"_links":{"self":[{"href":"https:\/\/fahadmultiservice.com\/index.php?rest_route=\/wp\/v2\/product\/2758","targetHints":{"allow":["GET"]}}],"collection":[{"href":"https:\/\/fahadmultiservice.com\/index.php?rest_route=\/wp\/v2\/product"}],"about":[{"href":"https:\/\/fahadmultiservice.com\/index.php?rest_route=\/wp\/v2\/types\/product"}],"replies":[{"embeddable":true,"href":"https:\/\/fahadmultiservice.com\/index.php?rest_route=%2Fwp%2Fv2%2Fcomments&post=2758"}],"version-history":[{"count":5,"href":"https:\/\/fahadmultiservice.com\/index.php?rest_route=\/wp\/v2\/product\/2758\/revisions"}],"predecessor-version":[{"id":2778,"href":"https:\/\/fahadmultiservice.com\/index.php?rest_route=\/wp\/v2\/product\/2758\/revisions\/2778"}],"wp:featuredmedia":[{"embeddable":true,"href":"https:\/\/fahadmultiservice.com\/index.php?rest_route=\/wp\/v2\/media\/2765"}],"wp:attachment":[{"href":"https:\/\/fahadmultiservice.com\/index.php?rest_route=%2Fwp%2Fv2%2Fmedia&parent=2758"}],"wp:term":[{"taxonomy":"brand","embeddable":true,"href":"https:\/\/fahadmultiservice.com\/index.php?rest_route=%2Fwp%2Fv2%2Fetheme_brands&post=2758"},{"taxonomy":"product_brand","embeddable":true,"href":"https:\/\/fahadmultiservice.com\/index.php?rest_route=%2Fwp%2Fv2%2Fproduct_brand&post=2758"},{"taxonomy":"product_cat","embeddable":true,"href":"https:\/\/fahadmultiservice.com\/index.php?rest_route=%2Fwp%2Fv2%2Fproduct_cat&post=2758"},{"taxonomy":"product_tag","embeddable":true,"href":"https:\/\/fahadmultiservice.com\/index.php?rest_route=%2Fwp%2Fv2%2Fproduct_tag&post=2758"}],"curies":[{"name":"wp","href":"https:\/\/api.w.org\/{rel}","templated":true}]}}